{"id":2372,"date":"2015-02-09T15:37:36","date_gmt":"2015-02-09T15:37:36","guid":{"rendered":"http:\/\/rttheme19.rtthemes.com\/?page_id=2372"},"modified":"2015-02-09T15:37:36","modified_gmt":"2015-02-09T15:37:36","slug":"our-products-custom-layout","status":"publish","type":"page","link":"https:\/\/pcbtechnology.pl\/en\/our-products-custom-layout\/","title":{"rendered":"Our Products - Custom Layout"},"content":{"rendered":"<div class=\"wpb-content-wrapper\"><div class=\"content_row row vc_row wpb_row  default-style fullwidth\" >\n\t\n\t<div class=\"content_row_wrapper  default\" >\n\t<div class=\"vc_col-sm-12 wpb_column vc_column_container\">\n\t\t<div class=\"wpb_wrapper\">\n\t\t\t\n<div id=\"product-dynamicID-553127\" class=\"product_holder product-showcase clearfix  border_grid fixed_heights\" data-column-width=\"2\">\n<div class=\"row clearfix\">\n<div class=\"col product_item_holder col-sm-6  gielda-maszyn montaz-smd-i-przewlekany transportery-conveyors\">\n\n<div class=\"product_item_holder\">\n\n\t\t\t<div class=\"featured_image\"> \n\t\t\t<!-- product image -->\n\t\t\t<div class=\"featured_image\"> \n\t\t\t\t<a href=\"https:\/\/pcbtechnology.pl\/en\/product-details\/coating-conveyor-xl-size-1000mm-nutek-model-ntm410cxl-1000-1-transporter\/\" title=\"COATING CONVEYOR ,XL-SIZE ,1000mm ,NUTEK MODEL  NTM410CXL-1000-1 \/TRANSPORTER\" rel=\"bookmark\" class=\"imgeffect link\"><img decoding=\"async\" src=\"https:\/\/pcbtechnology.pl\/wp-content\/uploads\/2026\/04\/IMG_5268-rotated-480x490.jpeg\" alt=\"\" class=\"\" \/><\/a> \n\t\t\t<\/div> \n\t\t<\/div> \n\t\n\n\t\n\t\t\t\t\t\t\n\t\t<div class=\"product_info\">\n\n\t\t\t\t\t\t\t\t<!-- title-->\n\t\t\t\t<h5 class=\"clean_heading\"><a href=\"https:\/\/pcbtechnology.pl\/en\/product-details\/coating-conveyor-xl-size-1000mm-nutek-model-ntm410cxl-1000-1-transporter\/\" title=\"COATING CONVEYOR ,XL-SIZE ,1000mm ,NUTEK MODEL  NTM410CXL-1000-1 \/TRANSPORTER\" rel=\"bookmark\">COATING CONVEYOR ,XL-SIZE ,1000mm ,NUTEK MODEL  NTM410CXL-1000-1 \/TRANSPORTER<\/a><\/h5>\n\t\t\t\t\n\t\t\t\t<!-- text-->\n\t\t\t\t\n\t\t\t\t<div class=\"product_info_footer clearfix\"><div class=\"action_buttons\"><a href=\"https:\/\/pcbtechnology.pl\/en\/product-details\/coating-conveyor-xl-size-1000mm-nutek-model-ntm410cxl-1000-1-transporter\/\" title=\"COATING CONVEYOR ,XL-SIZE ,1000mm ,NUTEK MODEL  NTM410CXL-1000-1 \/TRANSPORTER\" class=\"details icon-angle-right\">Details<\/a><\/div><\/div> \t\t\n\n\t\t<\/div>\n\t\t\n\n\t\n<\/div><\/div>\n<div class=\"col product_item_holder col-sm-6  gielda-maszyn inne-urzadzenia\">\n\n<div class=\"product_item_holder\">\n\n\t\t\t<div class=\"featured_image\"> \n\t\t\t<!-- product image -->\n\t\t\t<div class=\"featured_image\"> \n\t\t\t\t<a href=\"https:\/\/pcbtechnology.pl\/en\/product-details\/uklad-chlodzenia-z-10-ciu-wentylatorow-sunon-dp200a\/\" title=\"UK\u0141AD CH\u0141ODZENIA Z 10-ciu WENTYLATOR\u00d3W  SUNON DP200A\" rel=\"bookmark\" class=\"imgeffect link\"><img decoding=\"async\" src=\"https:\/\/pcbtechnology.pl\/wp-content\/uploads\/2026\/04\/IMG_5410-rotated-480x490.jpeg\" alt=\"\" class=\"\" \/><\/a> \n\t\t\t<\/div> \n\t\t<\/div> \n\t\n\n\t\n\t\t\t\t\t\t\n\t\t<div class=\"product_info\">\n\n\t\t\t\t\t\t\t\t<!-- title-->\n\t\t\t\t<h5 class=\"clean_heading\"><a href=\"https:\/\/pcbtechnology.pl\/en\/product-details\/uklad-chlodzenia-z-10-ciu-wentylatorow-sunon-dp200a\/\" title=\"UK\u0141AD CH\u0141ODZENIA Z 10-ciu WENTYLATOR\u00d3W  SUNON DP200A\" rel=\"bookmark\">UK\u0141AD CH\u0141ODZENIA Z 10-ciu WENTYLATOR\u00d3W  SUNON DP200A<\/a><\/h5>\n\t\t\t\t\n\t\t\t\t<!-- text-->\n\t\t\t\t\n\t\t\t\t<div class=\"product_info_footer clearfix\"><div class=\"action_buttons\"><a href=\"https:\/\/pcbtechnology.pl\/en\/product-details\/uklad-chlodzenia-z-10-ciu-wentylatorow-sunon-dp200a\/\" title=\"UK\u0141AD CH\u0141ODZENIA Z 10-ciu WENTYLATOR\u00d3W  SUNON DP200A\" class=\"details icon-angle-right\">Details<\/a><\/div><\/div> \t\t\n\n\t\t<\/div>\n\t\t\n\n\t\n<\/div><\/div>\n<\/div>\n<\/div>\n\n\t\t<\/div>\n\t<\/div>\n\n<\/div>\n<\/div>\n\n<div  class=\"content_row row vc_row wpb_row  default-style fullwidth\" >\n\t\n\t<div class=\"content_row_wrapper  default\" style=\"padding-top:100px;padding-bottom:140px;\"><div class=\"vc_col-sm-6 wpb_column vc_column_container\">\n\t\t<div class=\"wpb_wrapper\">\n\t\t\t<div class=\"rt_heading_wrapper style-5\">\n\t\t\t\t\t\t<h2 class=\"rt_heading  style-5\" >FEATURED PRODUCTS<\/h2>\n\t\t\t\t\t<\/div>\n\t<div class=\"wpb_text_column wpb_content_element\" >\n\t\t<div class=\"wpb_wrapper\">\n\t\t\t<p>I am text block. Click edit button to change this text. Lorem ipsum dolor sit amet, consectetur <a href=\"#\">adipiscing<\/a> elite. Ut elit tellus, luctus nec ullamcorper mattis, pulvinar dapibus leo.<\/p>\n\n\t\t<\/div>\n\t<\/div>\n\n\t\t<\/div>\n\t<\/div>\n\n\t<div class=\"vc_col-sm-6 wpb_column vc_column_container\">\n\t\t<div class=\"wpb_wrapper\">\n\t\t\t\n\t\t<\/div>\n\t<\/div>\n<\/div>\n<\/div>\n\n<div  class=\"content_row row vc_row wpb_row  default-style fullwidth\" >\n\t\n\t<div class=\"content_row_wrapper  default\" >\n\t<div class=\"vc_col-sm-12 wpb_column vc_column_container\">\n\t\t<div class=\"wpb_wrapper\">\n\t\t\t\n<div id=\"product-dynamicID-123729\" class=\"product_holder product-showcase clearfix  border_grid fixed_heights\" data-column-width=\"4\">\n<div class=\"row clearfix\">\n<div class=\"col product_item_holder col-sm-3  gielda-maszyn montaz-smd-i-przewlekany transportery-conveyors\">\n\n<div class=\"product_item_holder\">\n\n\t\t\t<div class=\"featured_image\"> \n\t\t\t<!-- product image -->\n\t\t\t<div class=\"featured_image\"> \n\t\t\t\t<a href=\"https:\/\/pcbtechnology.pl\/en\/product-details\/coating-conveyor-xl-size-1000mm-nutek-model-ntm410cxl-1000-1-transporter\/\" title=\"COATING CONVEYOR ,XL-SIZE ,1000mm ,NUTEK MODEL  NTM410CXL-1000-1 \/TRANSPORTER\" rel=\"bookmark\" class=\"imgeffect link\"><img decoding=\"async\" src=\"https:\/\/pcbtechnology.pl\/wp-content\/uploads\/2026\/04\/IMG_5268-rotated-480x490.jpeg\" alt=\"\" class=\"\" \/><\/a> \n\t\t\t<\/div> \n\t\t<\/div> \n\t\n\n\t\n\t\t\t\t\t\t\n\t\t<div class=\"product_info\">\n\n\t\t\t\t\t\t\t\t<!-- title-->\n\t\t\t\t<h5 class=\"clean_heading\"><a href=\"https:\/\/pcbtechnology.pl\/en\/product-details\/coating-conveyor-xl-size-1000mm-nutek-model-ntm410cxl-1000-1-transporter\/\" title=\"COATING CONVEYOR ,XL-SIZE ,1000mm ,NUTEK MODEL  NTM410CXL-1000-1 \/TRANSPORTER\" rel=\"bookmark\">COATING CONVEYOR ,XL-SIZE ,1000mm ,NUTEK MODEL  NTM410CXL-1000-1 \/TRANSPORTER<\/a><\/h5>\n\t\t\t\t\n\t\t\t\t<!-- text-->\n\t\t\t\t\n\t\t\t\t<div class=\"product_info_footer clearfix\"><div class=\"action_buttons\"><a href=\"https:\/\/pcbtechnology.pl\/en\/product-details\/coating-conveyor-xl-size-1000mm-nutek-model-ntm410cxl-1000-1-transporter\/\" title=\"COATING CONVEYOR ,XL-SIZE ,1000mm ,NUTEK MODEL  NTM410CXL-1000-1 \/TRANSPORTER\" class=\"details icon-angle-right\">Details<\/a><\/div><\/div> \t\t\n\n\t\t<\/div>\n\t\t\n\n\t\n<\/div><\/div>\n<div class=\"col product_item_holder col-sm-3  gielda-maszyn inne-urzadzenia\">\n\n<div class=\"product_item_holder\">\n\n\t\t\t<div class=\"featured_image\"> \n\t\t\t<!-- product image -->\n\t\t\t<div class=\"featured_image\"> \n\t\t\t\t<a href=\"https:\/\/pcbtechnology.pl\/en\/product-details\/uklad-chlodzenia-z-10-ciu-wentylatorow-sunon-dp200a\/\" title=\"UK\u0141AD CH\u0141ODZENIA Z 10-ciu WENTYLATOR\u00d3W  SUNON DP200A\" rel=\"bookmark\" class=\"imgeffect link\"><img decoding=\"async\" src=\"https:\/\/pcbtechnology.pl\/wp-content\/uploads\/2026\/04\/IMG_5410-rotated-480x490.jpeg\" alt=\"\" class=\"\" \/><\/a> \n\t\t\t<\/div> \n\t\t<\/div> \n\t\n\n\t\n\t\t\t\t\t\t\n\t\t<div class=\"product_info\">\n\n\t\t\t\t\t\t\t\t<!-- title-->\n\t\t\t\t<h5 class=\"clean_heading\"><a href=\"https:\/\/pcbtechnology.pl\/en\/product-details\/uklad-chlodzenia-z-10-ciu-wentylatorow-sunon-dp200a\/\" title=\"UK\u0141AD CH\u0141ODZENIA Z 10-ciu WENTYLATOR\u00d3W  SUNON DP200A\" rel=\"bookmark\">UK\u0141AD CH\u0141ODZENIA Z 10-ciu WENTYLATOR\u00d3W  SUNON DP200A<\/a><\/h5>\n\t\t\t\t\n\t\t\t\t<!-- text-->\n\t\t\t\t\n\t\t\t\t<div class=\"product_info_footer clearfix\"><div class=\"action_buttons\"><a href=\"https:\/\/pcbtechnology.pl\/en\/product-details\/uklad-chlodzenia-z-10-ciu-wentylatorow-sunon-dp200a\/\" title=\"UK\u0141AD CH\u0141ODZENIA Z 10-ciu WENTYLATOR\u00d3W  SUNON DP200A\" class=\"details icon-angle-right\">Details<\/a><\/div><\/div> \t\t\n\n\t\t<\/div>\n\t\t\n\n\t\n<\/div><\/div>\n<div class=\"col product_item_holder col-sm-3  gielda-maszyn maszyny-i-urzadzenia-do-pcb obrobka-mechaniczna\">\n\n<div class=\"product_item_holder\">\n\n\t\t\t<div class=\"featured_image\"> \n\t\t\t<!-- product image -->\n\t\t\t<div class=\"featured_image\"> \n\t\t\t\t<a href=\"https:\/\/pcbtechnology.pl\/en\/product-details\/lenz-dlg615-11-al-wiertarko-frezarka\/\" title=\"LENZ DLG615-1+1 AL \/WIERTARKO-FREZARKA\" rel=\"bookmark\" class=\"imgeffect link\"><img decoding=\"async\" src=\"https:\/\/pcbtechnology.pl\/wp-content\/uploads\/2026\/04\/IMG_4916-rotated-480x490.jpeg\" alt=\"\" class=\"\" \/><\/a> \n\t\t\t<\/div> \n\t\t<\/div> \n\t\n\n\t\n\t\t\t\t\t\t\n\t\t<div class=\"product_info\">\n\n\t\t\t\t\t\t\t\t<!-- title-->\n\t\t\t\t<h5 class=\"clean_heading\"><a href=\"https:\/\/pcbtechnology.pl\/en\/product-details\/lenz-dlg615-11-al-wiertarko-frezarka\/\" title=\"LENZ DLG615-1+1 AL \/WIERTARKO-FREZARKA\" rel=\"bookmark\">LENZ DLG615-1+1 AL \/WIERTARKO-FREZARKA<\/a><\/h5>\n\t\t\t\t\n\t\t\t\t<!-- text-->\n\t\t\t\t\n\t\t\t\t<div class=\"product_info_footer clearfix\"><div class=\"action_buttons\"><a href=\"https:\/\/pcbtechnology.pl\/en\/product-details\/lenz-dlg615-11-al-wiertarko-frezarka\/\" title=\"LENZ DLG615-1+1 AL \/WIERTARKO-FREZARKA\" class=\"details icon-angle-right\">Details<\/a><\/div><\/div> \t\t\n\n\t\t<\/div>\n\t\t\n\n\t\n<\/div><\/div>\n<div class=\"col product_item_holder col-sm-3  gielda-maszyn inne maszyny-i-urzadzenia-do-pcb obrobka-mechaniczna\">\n\n<div class=\"product_item_holder\">\n\n\t\t\t<div class=\"featured_image\"> \n\t\t\t<!-- product image -->\n\t\t\t<div class=\"featured_image\"> \n\t\t\t\t<a href=\"https:\/\/pcbtechnology.pl\/en\/product-details\/instant-stack-depinner-model-est\/\" title=\"INSTANT STACK DEPINNER Model EST\" rel=\"bookmark\" class=\"imgeffect link\"><img decoding=\"async\" src=\"https:\/\/pcbtechnology.pl\/wp-content\/uploads\/2026\/04\/IMG_5392-490x490.jpeg\" alt=\"\" class=\"\" \/><\/a> \n\t\t\t<\/div> \n\t\t<\/div> \n\t\n\n\t\n\t\t\t\t\t\t\n\t\t<div class=\"product_info\">\n\n\t\t\t\t\t\t\t\t<!-- title-->\n\t\t\t\t<h5 class=\"clean_heading\"><a href=\"https:\/\/pcbtechnology.pl\/en\/product-details\/instant-stack-depinner-model-est\/\" title=\"INSTANT STACK DEPINNER Model EST\" rel=\"bookmark\">INSTANT STACK DEPINNER Model EST<\/a><\/h5>\n\t\t\t\t\n\t\t\t\t<!-- text-->\n\t\t\t\t\n\t\t\t\t<div class=\"product_info_footer clearfix\"><div class=\"action_buttons\"><a href=\"https:\/\/pcbtechnology.pl\/en\/product-details\/instant-stack-depinner-model-est\/\" title=\"INSTANT STACK DEPINNER Model EST\" class=\"details icon-angle-right\">Details<\/a><\/div><\/div> \t\t\n\n\t\t<\/div>\n\t\t\n\n\t\n<\/div><\/div>\n<\/div>\n<div class=\"row clearfix\">\n<div class=\"col product_item_holder col-sm-3  gielda-maszyn maszyny-i-urzadzenia-do-pcb obrobka-mechaniczna\">\n\n<div class=\"product_item_holder\">\n\n\t\t\t<div class=\"featured_image\"> \n\t\t\t<!-- product image -->\n\t\t\t<div class=\"featured_image\"> \n\t\t\t\t<a href=\"https:\/\/pcbtechnology.pl\/en\/product-details\/precision-tooling-hole-drilling-and-pin-insertion-machine-model-fsm\/\" title=\"PRECISION TOOLING HOLE DRILLING AND PIN INSERTION MACHINE  MODEL FSM\" rel=\"bookmark\" class=\"imgeffect link\"><img decoding=\"async\" src=\"https:\/\/pcbtechnology.pl\/wp-content\/uploads\/2026\/04\/IMG_5320-rotated-480x490.jpeg\" alt=\"\" class=\"\" \/><\/a> \n\t\t\t<\/div> \n\t\t<\/div> \n\t\n\n\t\n\t\t\t\t\t\t\n\t\t<div class=\"product_info\">\n\n\t\t\t\t\t\t\t\t<!-- title-->\n\t\t\t\t<h5 class=\"clean_heading\"><a href=\"https:\/\/pcbtechnology.pl\/en\/product-details\/precision-tooling-hole-drilling-and-pin-insertion-machine-model-fsm\/\" title=\"PRECISION TOOLING HOLE DRILLING AND PIN INSERTION MACHINE  MODEL FSM\" rel=\"bookmark\">PRECISION TOOLING HOLE DRILLING AND PIN INSERTION MACHINE  MODEL FSM<\/a><\/h5>\n\t\t\t\t\n\t\t\t\t<!-- text-->\n\t\t\t\t\n\t\t\t\t<div class=\"product_info_footer clearfix\"><div class=\"action_buttons\"><a href=\"https:\/\/pcbtechnology.pl\/en\/product-details\/precision-tooling-hole-drilling-and-pin-insertion-machine-model-fsm\/\" title=\"PRECISION TOOLING HOLE DRILLING AND PIN INSERTION MACHINE  MODEL FSM\" class=\"details icon-angle-right\">Details<\/a><\/div><\/div> \t\t\n\n\t\t<\/div>\n\t\t\n\n\t\n<\/div><\/div>\n<div class=\"col product_item_holder col-sm-3  gielda-maszyn inne-urzadzenia maszyny-i-urzadzenia-do-pcb montaz-smd-i-przewlekany suszarki-i-piece\">\n\n<div class=\"product_item_holder\">\n\n\t\t\t<div class=\"featured_image\"> \n\t\t\t<!-- product image -->\n\t\t\t<div class=\"featured_image\"> \n\t\t\t\t<a href=\"https:\/\/pcbtechnology.pl\/en\/product-details\/heraeus-model-ut-6060-suszarka\/\" title=\"HERAEUS MODEL UT 6060\/SUSZARKA\" rel=\"bookmark\" class=\"imgeffect link\"><img decoding=\"async\" src=\"https:\/\/pcbtechnology.pl\/wp-content\/uploads\/2026\/04\/IMG_5384-490x490.jpeg\" alt=\"\" class=\"\" \/><\/a> \n\t\t\t<\/div> \n\t\t<\/div> \n\t\n\n\t\n\t\t\t\t\t\t\n\t\t<div class=\"product_info\">\n\n\t\t\t\t\t\t\t\t<!-- title-->\n\t\t\t\t<h5 class=\"clean_heading\"><a href=\"https:\/\/pcbtechnology.pl\/en\/product-details\/heraeus-model-ut-6060-suszarka\/\" title=\"HERAEUS MODEL UT 6060\/SUSZARKA\" rel=\"bookmark\">HERAEUS MODEL UT 6060\/SUSZARKA<\/a><\/h5>\n\t\t\t\t\n\t\t\t\t<!-- text-->\n\t\t\t\t\n\t\t\t\t<div class=\"product_info_footer clearfix\"><div class=\"action_buttons\"><a href=\"https:\/\/pcbtechnology.pl\/en\/product-details\/heraeus-model-ut-6060-suszarka\/\" title=\"HERAEUS MODEL UT 6060\/SUSZARKA\" class=\"details icon-angle-right\">Details<\/a><\/div><\/div> \t\t\n\n\t\t<\/div>\n\t\t\n\n\t\n<\/div><\/div>\n<div class=\"col product_item_holder col-sm-3  gielda-maszyn montaz-smd-i-przewlekany transportery-conveyors\">\n\n<div class=\"product_item_holder\">\n\n\t\t\t<div class=\"featured_image\"> \n\t\t\t<!-- product image -->\n\t\t\t<div class=\"featured_image\"> \n\t\t\t\t<a href=\"https:\/\/pcbtechnology.pl\/en\/product-details\/linking-conveyor-ntm410l-1000-2-transporter-nutek\/\" title=\"LINKING CONVEYOR NTM410L-1000-2\/TRANSPORTER NUTEK\" rel=\"bookmark\" class=\"imgeffect link\"><img decoding=\"async\" src=\"https:\/\/pcbtechnology.pl\/wp-content\/uploads\/2026\/04\/IMG_5326-rotated-480x490.jpeg\" alt=\"\" class=\"\" \/><\/a> \n\t\t\t<\/div> \n\t\t<\/div> \n\t\n\n\t\n\t\t\t\t\t\t\n\t\t<div class=\"product_info\">\n\n\t\t\t\t\t\t\t\t<!-- title-->\n\t\t\t\t<h5 class=\"clean_heading\"><a href=\"https:\/\/pcbtechnology.pl\/en\/product-details\/linking-conveyor-ntm410l-1000-2-transporter-nutek\/\" title=\"LINKING CONVEYOR NTM410L-1000-2\/TRANSPORTER NUTEK\" rel=\"bookmark\">LINKING CONVEYOR NTM410L-1000-2\/TRANSPORTER NUTEK<\/a><\/h5>\n\t\t\t\t\n\t\t\t\t<!-- text-->\n\t\t\t\t\n\t\t\t\t<div class=\"product_info_footer clearfix\"><div class=\"action_buttons\"><a href=\"https:\/\/pcbtechnology.pl\/en\/product-details\/linking-conveyor-ntm410l-1000-2-transporter-nutek\/\" title=\"LINKING CONVEYOR NTM410L-1000-2\/TRANSPORTER NUTEK\" class=\"details icon-angle-right\">Details<\/a><\/div><\/div> \t\t\n\n\t\t<\/div>\n\t\t\n\n\t\n<\/div><\/div>\n<div class=\"col product_item_holder col-sm-3  gielda-maszyn laminatory maszyny-i-urzadzenia-do-pcb\">\n\n<div class=\"product_item_holder\">\n\n\t\t\t<div class=\"featured_image\"> \n\t\t\t<!-- product image -->\n\t\t\t<div class=\"featured_image\"> \n\t\t\t\t<a href=\"https:\/\/pcbtechnology.pl\/en\/product-details\/bungard-laminator-rlm-419p\/\" title=\"BUNGARD LAMINATOR RLM 419P\" rel=\"bookmark\" class=\"imgeffect link\"><img decoding=\"async\" src=\"https:\/\/pcbtechnology.pl\/wp-content\/uploads\/2026\/04\/IMG_5337-rotated-480x490.jpeg\" alt=\"\" class=\"\" \/><\/a> \n\t\t\t<\/div> \n\t\t<\/div> \n\t\n\n\t\n\t\t\t\t\t\t\n\t\t<div class=\"product_info\">\n\n\t\t\t\t\t\t\t\t<!-- title-->\n\t\t\t\t<h5 class=\"clean_heading\"><a href=\"https:\/\/pcbtechnology.pl\/en\/product-details\/bungard-laminator-rlm-419p\/\" title=\"BUNGARD LAMINATOR RLM 419P\" rel=\"bookmark\">BUNGARD LAMINATOR RLM 419P<\/a><\/h5>\n\t\t\t\t\n\t\t\t\t<!-- text-->\n\t\t\t\t\n\t\t\t\t<div class=\"product_info_footer clearfix\"><div class=\"action_buttons\"><a href=\"https:\/\/pcbtechnology.pl\/en\/product-details\/bungard-laminator-rlm-419p\/\" title=\"BUNGARD LAMINATOR RLM 419P\" class=\"details icon-angle-right\">Details<\/a><\/div><\/div> \t\t\n\n\t\t<\/div>\n\t\t\n\n\t\n<\/div><\/div>\n<\/div>\n<\/div>\n<div class=\"paging_wrapper margin-t30 margin-b30\"><ul class='page-numbers'>\n\t<li><span aria-current=\"page\" class=\"page-numbers current\">1<\/span><\/li>\n\t<li><a class=\"page-numbers\" href=\"https:\/\/pcbtechnology.pl\/en\/wp-json\/wp\/v2\/pages\/2372\/page\/2\/\">2<\/a><\/li>\n\t<li><a class=\"page-numbers\" href=\"https:\/\/pcbtechnology.pl\/en\/wp-json\/wp\/v2\/pages\/2372\/page\/3\/\">3<\/a><\/li>\n\t<li><span class=\"page-numbers dots\">\u2026<\/span><\/li>\n\t<li><a class=\"page-numbers\" href=\"https:\/\/pcbtechnology.pl\/en\/wp-json\/wp\/v2\/pages\/2372\/page\/41\/\">41<\/a><\/li>\n\t<li><a class=\"next page-numbers\" href=\"https:\/\/pcbtechnology.pl\/en\/wp-json\/wp\/v2\/pages\/2372\/page\/2\/\"><span class=\"icon-angle-right\"><\/span><\/a><\/li>\n<\/ul>\n<\/div>\n\t\t<\/div>\n\t<\/div>\n\n<\/div>\n<\/div>\n<\/div>","protected":false},"excerpt":{"rendered":"BUNGARD LAMINATOR RLM419P \u00a0BUNGARD ELEKTRONIK GmbH &amp;Co NUMER SERII 419 230,50Hz, 2000W SZEROKO\u015a\u0106 ROBOCZA PCBmax =400mm SZEROKO\u015a\u0106 TRANSPORTU max=440mm DOKUMENTACJA\u00a0 pdf-rlm419p-manual_e WAGA ca. 38kg U\u017bYWANY, SPRAWNY 100% CENA DO UZGODNIENIA","protected":false},"author":3,"featured_media":0,"parent":0,"menu_order":0,"comment_status":"open","ping_status":"open","template":"","meta":{"footnotes":""},"class_list":["post-2372","page","type-page","status-publish","hentry"],"_links":{"self":[{"href":"https:\/\/pcbtechnology.pl\/en\/wp-json\/wp\/v2\/pages\/2372","targetHints":{"allow":["GET"]}}],"collection":[{"href":"https:\/\/pcbtechnology.pl\/en\/wp-json\/wp\/v2\/pages"}],"about":[{"href":"https:\/\/pcbtechnology.pl\/en\/wp-json\/wp\/v2\/types\/page"}],"author":[{"embeddable":true,"href":"https:\/\/pcbtechnology.pl\/en\/wp-json\/wp\/v2\/users\/3"}],"replies":[{"embeddable":true,"href":"https:\/\/pcbtechnology.pl\/en\/wp-json\/wp\/v2\/comments?post=2372"}],"version-history":[{"count":0,"href":"https:\/\/pcbtechnology.pl\/en\/wp-json\/wp\/v2\/pages\/2372\/revisions"}],"wp:attachment":[{"href":"https:\/\/pcbtechnology.pl\/en\/wp-json\/wp\/v2\/media?parent=2372"}],"curies":[{"name":"wp","href":"https:\/\/api.w.org\/{rel}","templated":true}]}}