{"id":9,"date":"2015-02-02T04:30:57","date_gmt":"2015-02-02T04:30:57","guid":{"rendered":"http:\/\/rttheme19.rtthemes.com\/?page_id=9"},"modified":"2025-06-30T14:10:32","modified_gmt":"2025-06-30T12:10:32","slug":"o-nas","status":"publish","type":"page","link":"https:\/\/pcbtechnology.pl\/en\/o-nas\/","title":{"rendered":"About us"},"content":{"rendered":"<div class=\"wpb-content-wrapper\"><div id=\"parallax-glowna\" class=\"content_row row vc_row wpb_row  default-style fullwidth has-custom-bg\" >\n\t<div class=\"rt-parallax-background has-bg-image\" data-rt-parallax-speed=\"6\" data-rt-parallax-direction=\"-1\" data-rt-parallax-effect=\"vertical\" style=\"background-image: url(https:\/\/pcbtechnology.pl\/wp-content\/uploads\/2020\/12\/automatic-robot-print-circuit-board-assembly-machine-during-soldering-component-factory.jpg);background-repeat: repeat;background-size: auto auto;background-position: center center;width:100%;height:100%;top:0;\"><\/div>\n\t<div class=\"content_row_wrapper  default\" style=\"padding-top:100px;padding-bottom:140px;\">\n\t<div class=\"vc_col-sm-12 wpb_column vc_column_container\">\n\t\t<div class=\"wpb_wrapper\">\n\t\t\t<div class=\"vc_empty_space\"   style=\"height: 120px\"><span class=\"vc_empty_space_inner\"><\/span><\/div>\n\t\t<\/div>\n\t<\/div>\n\n<\/div>\n<\/div>\n\n<div  class=\"content_row row vc_row wpb_row  default-style fullwidth border-bottom\" >\n\t\n\t<div class=\"content_row_wrapper  default\" ><div id=\"tekst-onas\" class=\"vc_col-sm-6 wpb_column vc_column_container\">\n\t\t<div class=\"wpb_wrapper\">\n\t\t\t<div class=\"rt_heading_wrapper style-4\">\n\t\t\t\t\t\t<h4 class=\"rt_heading  style-4\" >PCB TECHNOLOGY - YOUR SUPPLIER OF MATERIALS AND PRODUCTION EQUIPMENT<\/h4>\n\t\t\t\t\t<\/div>\n\t<div class=\"wpb_text_column wpb_content_element font-size16\" >\n\t\t<div class=\"wpb_wrapper\">\n\t\t\t<p>Printed Circuit Board Technology is a well-known and respected supplier of materials, machines for SMT electronic assembly as well as technologies, materials and devices for PCB production on the Polish market. Our offer includes products from renowned world-class manufacturers, such as: Lackwerke Peters, Almit, Niebling GmbH., Nantong Roda Electron, Conco, LCE, Emil Otto. Our commercial offer includes used &quot;first hand&quot; machines for SMT electronic assembly, including: soldering furnaces from Heller, SMT pick-and-place machines from JUKI, Essemtec and other manufacturers, soldering waves, AOI testers, board magazines, conveyors, loading and unloading stations for PCB boards from Nutek and devices for the production of printed circuit boards.<\/p>\n\n\t\t<\/div>\n\t<\/div>\n\n\t\t<\/div>\n\t<\/div>\n\n\t<div class=\"vc_col-sm-6 wpb_column vc_column_container\" style=\"padding-top:50px;\">\n\t\t<div class=\"wpb_wrapper\">\n\t\t\t\n\t<div  class=\"wpb_single_image wpb_content_element vc_align_left wpb_content_element\">\n\t\t\n\t\t<figure class=\"wpb_wrapper vc_figure\">\n\t\t\t<div class=\"vc_single_image-wrapper   vc_box_border_grey\"><img fetchpriority=\"high\" decoding=\"async\" width=\"991\" height=\"777\" src=\"https:\/\/pcbtechnology.pl\/wp-content\/uploads\/2020\/12\/Bez-tytulu.png\" class=\"vc_single_image-img attachment-full\" alt=\"\" title=\"Untitled\" srcset=\"https:\/\/pcbtechnology.pl\/wp-content\/uploads\/2020\/12\/Bez-tytulu.png 991w, https:\/\/pcbtechnology.pl\/wp-content\/uploads\/2020\/12\/Bez-tytulu-300x235.png 300w, https:\/\/pcbtechnology.pl\/wp-content\/uploads\/2020\/12\/Bez-tytulu-768x602.png 768w, https:\/\/pcbtechnology.pl\/wp-content\/uploads\/2020\/12\/Bez-tytulu-16x12.png 16w\" sizes=\"(max-width: 991px) 100vw, 991px\" \/><\/div>\n\t\t<\/figure>\n\t<\/div>\n\n\t\t<\/div>\n\t<\/div>\n<\/div>\n<\/div>\n\n<div  class=\"content_row row vc_row wpb_row  default-style fullwidth border-bottom\" >\n\t\n\t<div class=\"content_row_wrapper  default\" ><div id=\"tekst-onas\" class=\"vc_col-sm-8 wpb_column vc_column_container\">\n\t\t<div class=\"wpb_wrapper\">\n\t\t\t<div class=\"rt_heading_wrapper style-4\">\n\t\t\t\t\t\t<h4 class=\"rt_heading  style-4\" >PRODUCTS WORTH ATTENTION<\/h4>\n\t\t\t\t\t<\/div>\n\t<div class=\"wpb_text_column wpb_content_element font-size16\" >\n\t\t<div class=\"wpb_wrapper\">\n\t\t\t<p>We recommend the latest coating products to electronics manufacturers <strong>Lackwerke Peters:<\/strong><\/p>\n<ul>\n<li>ELPEGUARD protective varnishes of the SL 1307 series provide excellent<br \/>\nprotection against moisture and corrosion with very high resistance<\/li>\n<li>climatic, quick-drying, meeting the highest requirements and quality standards,<\/li>\n<li>ecological varnishes of the SL 1301 ECO-FLZ series and the water-based SL 1305 AQ-ECO,<\/li>\n<li>flooding resins for LED lighting \/ letter profiles,<\/li>\n<li>transparent masses of the VT 3402 KK series are characterized by very good climatic resistance and temperature stability. We also offer ecological materials and products for SMT assembly by Almit:<\/li>\n<li>lead-free solder pastes (LFM-48TM HP),<\/li>\n<li>low-melting lead-free solder pastes (LFM-31W MHS32),<\/li>\n<li>lead-free soldering wires (SR-37 LFM-48 S, GUMMIX SB RMA LFM-48).<\/li>\n<\/ul>\n\n\t\t<\/div>\n\t<\/div>\n\n\t\t<\/div>\n\t<\/div>\n\n\t<div class=\"vc_col-sm-4 wpb_column vc_column_container\">\n\t\t<div class=\"wpb_wrapper\">\n\t\t\t\n\t<div class=\"wpb_text_column wpb_content_element font-size20\" >\n\t\t<div class=\"wpb_wrapper\">\n\t\t\t<p>In 2019, PCB Technology received the international Certificate of Business Credibility, awarded by Bisnode Polska, and the title of Gazela Biznesu, awarded by &quot;Puls Biznesu&quot;. We have also been ISO 9001 certified since 2016.<\/p>\n\n\t\t<\/div>\n\t<\/div>\n\n<div  class=\"content_row row vc_row wpb_row vc_inner  global-style\" >\n\t\n\t<div class=\"content_row_wrapper\" ><div class=\"vc_col-sm-6 wpb_column vc_column_container\">\n\t\t<div class=\"wpb_wrapper\">\n\t\t\t\n\t<div  class=\"wpb_single_image wpb_content_element vc_align_left wpb_content_element\">\n\t\t\n\t\t<figure class=\"wpb_wrapper vc_figure\">\n\t\t\t<div class=\"vc_single_image-wrapper   vc_box_border_grey\"><img decoding=\"async\" width=\"170\" height=\"171\" src=\"https:\/\/pcbtechnology.pl\/wp-content\/uploads\/2020\/12\/1.png\" class=\"vc_single_image-img attachment-full\" alt=\"\" title=\"1\" srcset=\"https:\/\/pcbtechnology.pl\/wp-content\/uploads\/2020\/12\/1.png 170w, https:\/\/pcbtechnology.pl\/wp-content\/uploads\/2020\/12\/1-150x150.png 150w, https:\/\/pcbtechnology.pl\/wp-content\/uploads\/2020\/12\/1-12x12.png 12w\" sizes=\"(max-width: 170px) 100vw, 170px\" \/><\/div>\n\t\t<\/figure>\n\t<\/div>\n\n\t\t<\/div>\n\t<\/div>\n\n\t<div class=\"vc_col-sm-6 wpb_column vc_column_container\">\n\t\t<div class=\"wpb_wrapper\">\n\t\t\t\n\t<div  class=\"wpb_single_image wpb_content_element vc_align_left wpb_content_element\">\n\t\t\n\t\t<figure class=\"wpb_wrapper vc_figure\">\n\t\t\t<div class=\"vc_single_image-wrapper   vc_box_border_grey\"><img decoding=\"async\" width=\"170\" height=\"158\" src=\"https:\/\/pcbtechnology.pl\/wp-content\/uploads\/2020\/12\/2.png\" class=\"vc_single_image-img attachment-full\" alt=\"\" title=\"2\" srcset=\"https:\/\/pcbtechnology.pl\/wp-content\/uploads\/2020\/12\/2.png 170w, https:\/\/pcbtechnology.pl\/wp-content\/uploads\/2020\/12\/2-13x12.png 13w\" sizes=\"(max-width: 170px) 100vw, 170px\" \/><\/div>\n\t\t<\/figure>\n\t<\/div>\n\n\t\t<\/div>\n\t<\/div>\n<\/div>\n<\/div>\n\n\t\t<\/div>\n\t<\/div>\n<\/div>\n<\/div>\n\n<div  class=\"content_row row vc_row wpb_row  default-style default\" >\n\t\n\t<div class=\"content_row_wrapper\" >\n\t<div class=\"vc_col-sm-12 wpb_column vc_column_container\">\n\t\t<div class=\"wpb_wrapper\">\n\t\t\t\n\t<div  class=\"wpb_single_image wpb_content_element vc_align_left wpb_content_element\">\n\t\t\n\t\t<figure class=\"wpb_wrapper vc_figure\">\n\t\t\t<div class=\"vc_single_image-wrapper   vc_box_border_grey\"><img loading=\"lazy\" decoding=\"async\" width=\"2053\" height=\"1092\" src=\"https:\/\/pcbtechnology.pl\/wp-content\/uploads\/2020\/12\/3.jpg\" class=\"vc_single_image-img attachment-full\" alt=\"\" title=\"3\" srcset=\"https:\/\/pcbtechnology.pl\/wp-content\/uploads\/2020\/12\/3.jpg 2053w, https:\/\/pcbtechnology.pl\/wp-content\/uploads\/2020\/12\/3-300x160.jpg 300w, https:\/\/pcbtechnology.pl\/wp-content\/uploads\/2020\/12\/3-1024x545.jpg 1024w, https:\/\/pcbtechnology.pl\/wp-content\/uploads\/2020\/12\/3-768x409.jpg 768w, https:\/\/pcbtechnology.pl\/wp-content\/uploads\/2020\/12\/3-1536x817.jpg 1536w, https:\/\/pcbtechnology.pl\/wp-content\/uploads\/2020\/12\/3-2048x1089.jpg 2048w, https:\/\/pcbtechnology.pl\/wp-content\/uploads\/2020\/12\/3-16x9.jpg 16w\" sizes=\"(max-width: 2053px) 100vw, 2053px\" \/><\/div>\n\t\t<\/figure>\n\t<\/div>\n\n\t\t<\/div>\n\t<\/div>\n\n<\/div>\n<\/div>\n\n<div id=\"oferta-partnerzy\" class=\"content_row row vc_row wpb_row  default-style fullwidth border_grid fixed_heights has-bg-image\" style=\"background-image: url(https:\/\/pcbtechnology.pl\/wp-content\/uploads\/2020\/12\/552.jpg);background-repeat: repeat;background-size: cover;background-attachment: scroll;background-position: right top;\">\n\t\n\t<div class=\"content_row_wrapper  default\" ><div class=\"vc_col-sm-3 wpb_column vc_column_container\">\n\t\t<div class=\"wpb_wrapper\">\n\t\t\t\n\t\t<\/div>\n\t<\/div>\n\n\t<div id=\"color-white\" class=\"vc_col-sm-6 wpb_column vc_column_container vc_custom_1608666326896\">\n\t\t<div class=\"wpb_wrapper\">\n\t\t\t<div class=\"rt_heading_wrapper style-1\">\n\t\t\t\t\t\t<h4 class=\"rt_heading  style-1\"  style=\"color:#ffffff;\">Our partners<\/h4>\n\t\t\t\t\t<\/div>\n\t<div class=\"wpb_text_column wpb_content_element vc_custom_1608666253123\" >\n\t\t<div class=\"wpb_wrapper\">\n\t\t\t<p>Our company is the official representative of the following well-known and reputable companies.<\/p>\n\n\t\t<\/div>\n\t<\/div>\n<div  class=\"rt-toggle\"><ol><li  class=\"open\"><div class=\"toggle-head\"><div class=\"toggle-number\"><span class=\"icon-right-hand\"><\/span><\/div><div class=\"toggle-title\">Lackwerke Peters GmbH + Co KG<\/div><\/div><div class=\"toggle-content\">\n\t<div class=\"wpb_text_column wpb_content_element\" >\n\t\t<div class=\"wpb_wrapper\">\n\t\t\t<p>Lackwerke Peters GmbH + Co KG specializes in the production of specialized inks for the production of printed circuits, as well as protective varnishes and transparent and opaque electronic sealing compounds. The company&#039;s offer is complemented by products for optical electronics and the photovoltaic industry as well as technical service. Our company PCB Technology sp. Z o.o. with headquarters in Elbl\u0105g (previously ART-TRONIC) is the official representative of Lackwerke Peters on the Polish market since April 1, 1993.<\/p>\n\n\t\t<\/div>\n\t<\/div>\n\n<\/div><\/li><li  class=\"\"><div class=\"toggle-head\"><div class=\"toggle-number\"><span class=\"icon-right-hand\"><\/span><\/div><div class=\"toggle-title\">Almit<\/div><\/div><div class=\"toggle-content\">\n\t<div class=\"wpb_text_column wpb_content_element\" >\n\t\t<div class=\"wpb_wrapper\">\n\t\t\t<p>Almit is one of the leading suppliers of soldering wires, solder pastes and, of course, lead-free solders, which are used in the space industry, automotive and consumer electronics. The company was founded in 1956 in Japan, and in 2002, Almit GmbH was founded in Bietigheim-Bissingen. Currently, the company&#039;s headquarters are in Michelstadt, near Frankfurt am Main. Our company PCB Technology Sp.zo. With headquarters in Elbl\u0105g has been the official representative of Almit for Poland since April 1, 2006.<\/p>\n\n\t\t<\/div>\n\t<\/div>\n\n<\/div><\/li><li  class=\"\"><div class=\"toggle-head\"><div class=\"toggle-number\"><span class=\"icon-right-hand\"><\/span><\/div><div class=\"toggle-title\">Conco<\/div><\/div><div class=\"toggle-content\">\n\t<div class=\"wpb_text_column wpb_content_element\" >\n\t\t<div class=\"wpb_wrapper\">\n\t\t\t<p>CONCO AntiStatic Technology Co., Ltd, a manufacturer and supplier of ESD PCB storage containers. We are the official representative-distributor of Conco ESD products on the Polish market from 29\/12\/2020.<\/p>\n\n\t\t<\/div>\n\t<\/div>\n\n<\/div><\/li><li  class=\"\"><div class=\"toggle-head\"><div class=\"toggle-number\"><span class=\"icon-right-hand\"><\/span><\/div><div class=\"toggle-title\">Roda<\/div><\/div><div class=\"toggle-content\">\n\t<div class=\"wpb_text_column wpb_content_element\" >\n\t\t<div class=\"wpb_wrapper\">\n\t\t\t<p>Jiangsu Roda was established in 2007. Manufacturer and supplier of FR4 laminates for PCB production. Our company PCB Technology Sp. Z o.o. with headquarters in Elbl\u0105g has been an authorized representative-distributor of FR4 laminates on the Polish market since 2012.<\/p>\n\n\t\t<\/div>\n\t<\/div>\n\n<\/div><\/li><li  class=\"\"><div class=\"toggle-head\"><div class=\"toggle-number\"><span class=\"icon-right-hand\"><\/span><\/div><div class=\"toggle-title\">KAWA GmbH<\/div><\/div><div class=\"toggle-content\">\n\t<div class=\"wpb_text_column wpb_content_element\" >\n\t\t<div class=\"wpb_wrapper\">\n\t\t\t<p>A business partner in the field of PCB production technology and a supplier of PCB machinery and equipment.<\/p>\n\n\t\t<\/div>\n\t<\/div>\n\n<\/div><\/li><li  class=\"\"><div class=\"toggle-head\"><div class=\"toggle-number\"><span class=\"icon-right-hand\"><\/span><\/div><div class=\"toggle-title\">NIEBLING GmbH<\/div><\/div><div class=\"toggle-content\">\n\t<div class=\"wpb_text_column wpb_content_element\" >\n\t\t<div class=\"wpb_wrapper\">\n\t\t\t<div class=\"fusion-text\">\n<p>Niebling - your partner for the mechanical surface preparation, polishing, grinding and deburring process. Niebling brushes are used in the PCB, wood, metallurgical, furniture, etc. industries. Innovative products are a solution for customers with very high requirements. Our company PCB Technology Sp.zo.ow in Elbl\u0105g is a trading partner and distributor on the Polish market of PCB products - former by PSE Werkzeuge &amp; Maschinen GmbH. PSE Werkzeuge &amp; Maschinen GmbH was acquired by Niebling GmbH in 2020.<\/p>\n<\/div>\n\n\t\t<\/div>\n\t<\/div>\n\n<\/div><\/li><li  class=\"\"><div class=\"toggle-head\"><div class=\"toggle-number\"><span class=\"icon-right-hand\"><\/span><\/div><div class=\"toggle-title\">Mechatronika sp.j<\/div><\/div><div class=\"toggle-content\">\n\t<div class=\"wpb_text_column wpb_content_element\" >\n\t\t<div class=\"wpb_wrapper\">\n\t\t\t<p>Istnieje od 1989 roku i od pocz\u0105tku swej dzia\u0142alno\u015bci zajmuje si\u0119 produkcj\u0105 urz\u0105dze\u0144 technologicznych dla technologii monta\u017cu powierzchniowego (SMT) podzespo\u0142\u00f3w elektronicznych.<\/p>\n\n\t\t<\/div>\n\t<\/div>\n\n<\/div><\/li><li  class=\"\"><div class=\"toggle-head\"><div class=\"toggle-number\"><span class=\"icon-right-hand\"><\/span><\/div><div class=\"toggle-title\">Circuit Engineering Marketing Co Ltd<\/div><\/div><div class=\"toggle-content\">\n\t<div class=\"wpb_text_column wpb_content_element\" >\n\t\t<div class=\"wpb_wrapper\">\n\t\t\t<p>Circuit Engineering Marketing Co Ltd (CEMCO) is an expert in the field of Quicksilver Hot Air Leveling processes. We started close cooperation with Cemco in June 2018.<\/p>\n\n\t\t<\/div>\n\t<\/div>\n\n<\/div><\/li><\/ol><\/div>\n\t\t<\/div>\n\t<\/div>\n\n\t<div class=\"vc_col-sm-3 wpb_column vc_column_container\">\n\t\t<div class=\"wpb_wrapper\">\n\t\t\t\n\t\t<\/div>\n\t<\/div>\n<\/div>\n<\/div>\n<\/div>","protected":false},"excerpt":{"rendered":"PCB TECHNOLOGY \u2013 TW\u00d3J DOSTAWCA MATERIA\u0141\u00d3W I URZ\u0104DZE\u0143 DO PRODUKCJI Printed Circuit Board Technology jest znanym i cenionym na rynku polskim dostawc\u0105 materia\u0142\u00f3w, maszyn do monta\u017cu elektronicznego SMT oraz technologii, materia\u0142\u00f3w i urz\u0105dze\u0144 do produkcji PCB. W naszej ofercie znajduj\u0105 si\u0119 produkty pochodz\u0105ce od renomowanych \u015bwiatowej klasy producent\u00f3w, takich jak: Lackwerke Peters, Almit, Niebling GmbH., [...]","protected":false},"author":3,"featured_media":0,"parent":0,"menu_order":0,"comment_status":"open","ping_status":"open","template":"","meta":{"footnotes":""},"class_list":["post-9","page","type-page","status-publish","hentry"],"_links":{"self":[{"href":"https:\/\/pcbtechnology.pl\/en\/wp-json\/wp\/v2\/pages\/9","targetHints":{"allow":["GET"]}}],"collection":[{"href":"https:\/\/pcbtechnology.pl\/en\/wp-json\/wp\/v2\/pages"}],"about":[{"href":"https:\/\/pcbtechnology.pl\/en\/wp-json\/wp\/v2\/types\/page"}],"author":[{"embeddable":true,"href":"https:\/\/pcbtechnology.pl\/en\/wp-json\/wp\/v2\/users\/3"}],"replies":[{"embeddable":true,"href":"https:\/\/pcbtechnology.pl\/en\/wp-json\/wp\/v2\/comments?post=9"}],"version-history":[{"count":60,"href":"https:\/\/pcbtechnology.pl\/en\/wp-json\/wp\/v2\/pages\/9\/revisions"}],"predecessor-version":[{"id":5447,"href":"https:\/\/pcbtechnology.pl\/en\/wp-json\/wp\/v2\/pages\/9\/revisions\/5447"}],"wp:attachment":[{"href":"https:\/\/pcbtechnology.pl\/en\/wp-json\/wp\/v2\/media?parent=9"}],"curies":[{"name":"wp","href":"https:\/\/api.w.org\/{rel}","templated":true}]}}